{"id":1866,"date":"2023-06-19T16:06:29","date_gmt":"2023-06-19T22:06:29","guid":{"rendered":"https:\/\/generaldeequipos.com\/?page_id=1866"},"modified":"2025-05-20T14:52:19","modified_gmt":"2025-05-20T20:52:19","slug":"tecnologia","status":"publish","type":"page","link":"https:\/\/generaldeequipos.com\/es\/tecnologia\/","title":{"rendered":"TECNOLOG\u00cdA"},"content":{"rendered":"<div data-elementor-type=\"wp-page\" data-elementor-id=\"1866\" class=\"elementor elementor-1866\" data-elementor-post-type=\"page\">\n\t\t\t\t\t\t\t\t\t<section data-particle_enable=\"false\" data-particle-mobile-disabled=\"false\" data-uael-partstyle=\"default\" data-uael-partcolor=\"\" data-uael-partopacity=\"\" data-uael-partdirection=\"bottom\" class=\"elementor-section elementor-top-section elementor-element elementor-element-077b310 elementor-section-content-middle elementor-section-height-min-height uael-particle-yes elementor-section-boxed elementor-section-height-default elementor-section-items-middle wpr-particle-no wpr-jarallax-no wpr-parallax-no wpr-sticky-section-no\" data-id=\"077b310\" data-element_type=\"section\" data-settings=\"{&quot;background_background&quot;:&quot;gradient&quot;}\">\n\t\t\t\t\t\t\t<div class=\"elementor-background-overlay\"><\/div>\n\t\t\t\t\t\t\t<div class=\"elementor-container elementor-column-gap-no\">\n\t\t\t\t\t<div class=\"elementor-column elementor-col-100 elementor-top-column elementor-element elementor-element-6845021\" data-id=\"6845021\" data-element_type=\"column\">\n\t\t\t<div class=\"elementor-widget-wrap elementor-element-populated\">\n\t\t\t\t\t\t\t\t<div class=\"elementor-element elementor-element-dc5e7db elementor-widget elementor-widget-heading\" data-id=\"dc5e7db\" data-element_type=\"widget\" data-widget_type=\"heading.default\">\n\t\t\t\t<div class=\"elementor-widget-container\">\n\t\t\t<style>\/*! elementor - v3.16.0 - 20-09-2023 *\/\n.elementor-heading-title{padding:0;margin:0;line-height:1}.elementor-widget-heading .elementor-heading-title[class*=elementor-size-]>a{color:inherit;font-size:inherit;line-height:inherit}.elementor-widget-heading .elementor-heading-title.elementor-size-small{font-size:15px}.elementor-widget-heading .elementor-heading-title.elementor-size-medium{font-size:19px}.elementor-widget-heading .elementor-heading-title.elementor-size-large{font-size:29px}.elementor-widget-heading .elementor-heading-title.elementor-size-xl{font-size:39px}.elementor-widget-heading .elementor-heading-title.elementor-size-xxl{font-size:59px}<\/style><h1 class=\"elementor-heading-title elementor-size-default\">TECNOLOG\u00cdA<\/h1>\t\t<\/div>\n\t\t\t\t<\/div>\n\t\t\t\t<div class=\"elementor-element elementor-element-6274e5a elementor-widget elementor-widget-text-editor\" data-id=\"6274e5a\" data-element_type=\"widget\" data-widget_type=\"text-editor.default\">\n\t\t\t\t<div class=\"elementor-widget-container\">\n\t\t\t<style>\/*! elementor - v3.16.0 - 20-09-2023 *\/\n.elementor-widget-text-editor.elementor-drop-cap-view-stacked .elementor-drop-cap{background-color:#69727d;color:#fff}.elementor-widget-text-editor.elementor-drop-cap-view-framed .elementor-drop-cap{color:#69727d;border:3px solid;background-color:transparent}.elementor-widget-text-editor:not(.elementor-drop-cap-view-default) .elementor-drop-cap{margin-top:8px}.elementor-widget-text-editor:not(.elementor-drop-cap-view-default) .elementor-drop-cap-letter{width:1em;height:1em}.elementor-widget-text-editor .elementor-drop-cap{float:left;text-align:center;line-height:1;font-size:50px}.elementor-widget-text-editor .elementor-drop-cap-letter{display:inline-block}<\/style>\t\t\t\t\t\t\t\t\t\t<\/div>\n\t\t\t\t<\/div>\n\t\t\t\t\t<\/div>\n\t\t<\/div>\n\t\t\t\t\t\t\t<\/div>\n\t\t<\/section>\n\t\t\t\t<section data-particle_enable=\"false\" data-particle-mobile-disabled=\"false\" class=\"elementor-section elementor-top-section elementor-element elementor-element-1b08da8e elementor-section-boxed elementor-section-height-default elementor-section-height-default wpr-particle-no wpr-jarallax-no wpr-parallax-no wpr-sticky-section-no\" data-id=\"1b08da8e\" data-element_type=\"section\" data-settings=\"{&quot;background_background&quot;:&quot;classic&quot;}\">\n\t\t\t\t\t\t\t<div class=\"elementor-background-overlay\"><\/div>\n\t\t\t\t\t\t\t<div class=\"elementor-container elementor-column-gap-no\">\n\t\t\t\t\t<div class=\"elementor-column elementor-col-100 elementor-top-column elementor-element elementor-element-1261ced0\" data-id=\"1261ced0\" data-element_type=\"column\" data-settings=\"{&quot;background_background&quot;:&quot;classic&quot;}\">\n\t\t\t<div class=\"elementor-widget-wrap elementor-element-populated\">\n\t\t\t\t\t\t\t\t<div class=\"elementor-element elementor-element-f256c8c elementor-widget elementor-widget-heading\" data-id=\"f256c8c\" data-element_type=\"widget\" data-widget_type=\"heading.default\">\n\t\t\t\t<div class=\"elementor-widget-container\">\n\t\t\t<h4 class=\"elementor-heading-title elementor-size-default\">Conoce nuestras plataformas digitales:<\/h4>\t\t<\/div>\n\t\t\t\t<\/div>\n\t\t\t\t<section data-particle_enable=\"false\" data-particle-mobile-disabled=\"false\" class=\"elementor-section elementor-inner-section elementor-element elementor-element-696e7d99 elementor-section-boxed elementor-section-height-default elementor-section-height-default wpr-particle-no wpr-jarallax-no wpr-parallax-no wpr-sticky-section-no\" data-id=\"696e7d99\" data-element_type=\"section\">\n\t\t\t\t\t\t<div class=\"elementor-container elementor-column-gap-narrow\">\n\t\t\t\t\t<div class=\"make-column-clickable-elementor elementor-column elementor-col-25 elementor-inner-column elementor-element elementor-element-3702f3dd\" style=\"cursor: pointer;\" data-column-clickable=\"https:\/\/portal-cogesa.com:8443\/portal-clientes\/login.jsf\" data-column-clickable-blank=\"_self\" data-id=\"3702f3dd\" data-element_type=\"column\" data-settings=\"{&quot;background_background&quot;:&quot;classic&quot;,&quot;animation&quot;:&quot;none&quot;}\">\n\t\t\t<div class=\"elementor-widget-wrap elementor-element-populated\">\n\t\t\t\t\t\t\t\t<div class=\"elementor-element elementor-element-29336018 elementor-widget elementor-widget-image\" data-id=\"29336018\" data-element_type=\"widget\" data-widget_type=\"image.default\">\n\t\t\t\t<div class=\"elementor-widget-container\">\n\t\t\t<style>\/*! elementor - v3.16.0 - 20-09-2023 *\/\n.elementor-widget-image{text-align:center}.elementor-widget-image a{display:inline-block}.elementor-widget-image a img[src$=\".svg\"]{width:48px}.elementor-widget-image img{vertical-align:middle;display:inline-block}<\/style>\t\t\t\t\t\t\t\t\t\t\t\t\t<a href=\"https:\/\/portal-cogesa.com:8443\/portal-clientes\/login.jsf\">\n\t\t\t\t\t\t\t<img loading=\"lazy\" decoding=\"async\" width=\"273\" height=\"273\" src=\"https:\/\/generaldeequipos.com\/wp-content\/uploads\/2022\/09\/intro_mycat.jpg\" class=\"attachment-full size-full wp-image-1924\" alt=\"\" \/>\t\t\t\t\t\t\t\t<\/a>\n\t\t\t\t\t\t\t\t\t\t\t\t\t\t\t<\/div>\n\t\t\t\t<\/div>\n\t\t\t\t<div class=\"elementor-element elementor-element-5df54116 elementor-widget elementor-widget-heading\" data-id=\"5df54116\" data-element_type=\"widget\" data-widget_type=\"heading.default\">\n\t\t\t\t<div class=\"elementor-widget-container\">\n\t\t\t<h4 class=\"elementor-heading-title elementor-size-default\"><a href=\"https:\/\/portal-cogesa.com:8443\/portal-clientes\/login.jsf\">PORTAL DE CLIENTES<\/a><\/h4>\t\t<\/div>\n\t\t\t\t<\/div>\n\t\t\t\t<div class=\"elementor-element elementor-element-7b4649d3 elementor-widget elementor-widget-text-editor\" data-id=\"7b4649d3\" data-element_type=\"widget\" data-widget_type=\"text-editor.default\">\n\t\t\t\t<div class=\"elementor-widget-container\">\n\t\t\t\t\t\t\t<span style=\"color: #ffffff;\"><a style=\"color: #ffffff;\" href=\"https:\/\/portal-cogesa.com:8443\/portal-clientes\/login.jsf\">Ingresa con tus datos al portal de clientes donde podr\u00e1s solicitar:<\/a>\n<ul style=\"text-align: left;\">\n \t<li>\u00a0Servicio o asesor\u00eda<\/li>\n \t<li>Cotizaci\u00f3n de maquinaria<\/li>\n \t<li>Cotizaci\u00f3n de repuestos<\/li>\n<\/ul>\n<\/span>\t\t\t\t\t\t<\/div>\n\t\t\t\t<\/div>\n\t\t\t\t\t<\/div>\n\t\t<\/div>\n\t\t\t\t<div class=\"make-column-clickable-elementor elementor-column elementor-col-25 elementor-inner-column elementor-element elementor-element-2a70ea6b\" style=\"cursor: pointer;\" data-column-clickable=\"\/tecnologia\/compra-en-linea\" data-column-clickable-blank=\"_self\" data-id=\"2a70ea6b\" data-element_type=\"column\" data-settings=\"{&quot;background_background&quot;:&quot;classic&quot;}\">\n\t\t\t<div class=\"elementor-widget-wrap elementor-element-populated\">\n\t\t\t\t\t\t\t\t<div class=\"elementor-element elementor-element-5b50cafa elementor-widget elementor-widget-image\" data-id=\"5b50cafa\" data-element_type=\"widget\" data-widget_type=\"image.default\">\n\t\t\t\t<div class=\"elementor-widget-container\">\n\t\t\t\t\t\t\t\t\t\t\t\t\t\t\t<img loading=\"lazy\" decoding=\"async\" width=\"273\" height=\"273\" src=\"https:\/\/generaldeequipos.com\/wp-content\/uploads\/2022\/09\/intro_home_parts_cat.jpg\" class=\"attachment-full size-full wp-image-1923\" alt=\"\" \/>\t\t\t\t\t\t\t\t\t\t\t\t\t\t\t<\/div>\n\t\t\t\t<\/div>\n\t\t\t\t<div class=\"elementor-element elementor-element-b2518c3 elementor-widget elementor-widget-heading\" data-id=\"b2518c3\" data-element_type=\"widget\" data-widget_type=\"heading.default\">\n\t\t\t\t<div class=\"elementor-widget-container\">\n\t\t\t<h4 class=\"elementor-heading-title elementor-size-default\">PARTS.CAT.COM<\/h4>\t\t<\/div>\n\t\t\t\t<\/div>\n\t\t\t\t<div class=\"elementor-element elementor-element-f3f2006 elementor-widget elementor-widget-text-editor\" data-id=\"f3f2006\" data-element_type=\"widget\" data-widget_type=\"text-editor.default\">\n\t\t\t\t<div class=\"elementor-widget-container\">\n\t\t\t\t\t\t\t<p><span style=\"color: #000000;\">Cotice y realice compras desde su computadora o m\u00f3vil en tiempo real y acceda a 1.4 millones de repuestos con tan solo un click.<\/span><\/p>\t\t\t\t\t\t<\/div>\n\t\t\t\t<\/div>\n\t\t\t\t\t<\/div>\n\t\t<\/div>\n\t\t\t\t<div class=\"make-column-clickable-elementor elementor-column elementor-col-25 elementor-inner-column elementor-element elementor-element-66bec8f\" style=\"cursor: pointer;\" data-column-clickable=\"\/tecnologia\/visionlink\" data-column-clickable-blank=\"_self\" data-id=\"66bec8f\" data-element_type=\"column\" data-settings=\"{&quot;background_background&quot;:&quot;classic&quot;}\">\n\t\t\t<div class=\"elementor-widget-wrap elementor-element-populated\">\n\t\t\t\t\t\t\t\t<div class=\"elementor-element elementor-element-d55d7a2 elementor-widget elementor-widget-image\" data-id=\"d55d7a2\" data-element_type=\"widget\" data-widget_type=\"image.default\">\n\t\t\t\t<div class=\"elementor-widget-container\">\n\t\t\t\t\t\t\t\t\t\t\t\t\t\t\t<img loading=\"lazy\" decoding=\"async\" width=\"273\" height=\"273\" src=\"https:\/\/generaldeequipos.com\/wp-content\/uploads\/2022\/09\/intro_visionlink.jpg\" class=\"attachment-full size-full wp-image-1925\" alt=\"\" \/>\t\t\t\t\t\t\t\t\t\t\t\t\t\t\t<\/div>\n\t\t\t\t<\/div>\n\t\t\t\t<div class=\"elementor-element elementor-element-d405e30 elementor-widget elementor-widget-heading\" data-id=\"d405e30\" data-element_type=\"widget\" data-widget_type=\"heading.default\">\n\t\t\t\t<div class=\"elementor-widget-container\">\n\t\t\t<h4 class=\"elementor-heading-title elementor-size-default\">VISION LINK \u2122<\/h4>\t\t<\/div>\n\t\t\t\t<\/div>\n\t\t\t\t<div class=\"elementor-element elementor-element-81f8afb elementor-widget elementor-widget-text-editor\" data-id=\"81f8afb\" data-element_type=\"widget\" data-widget_type=\"text-editor.default\">\n\t\t\t\t<div class=\"elementor-widget-container\">\n\t\t\t\t\t\t\t<p>Obt\u00e9n una vista unificada de la salud, ubicaci\u00f3n y productividad de toda la flota, independientemente del tama\u00f1o de su flota o del fabricante de su equipo.<\/p>\t\t\t\t\t\t<\/div>\n\t\t\t\t<\/div>\n\t\t\t\t\t<\/div>\n\t\t<\/div>\n\t\t\t\t<div class=\"make-column-clickable-elementor elementor-column elementor-col-25 elementor-inner-column elementor-element elementor-element-12b2259\" style=\"cursor: pointer;\" data-column-clickable=\"\/tecnologia\/conectividad\" data-column-clickable-blank=\"_self\" data-id=\"12b2259\" data-element_type=\"column\" data-settings=\"{&quot;background_background&quot;:&quot;classic&quot;}\">\n\t\t\t<div class=\"elementor-widget-wrap elementor-element-populated\">\n\t\t\t\t\t\t\t\t<div class=\"elementor-element elementor-element-8735742 elementor-widget elementor-widget-image\" data-id=\"8735742\" data-element_type=\"widget\" data-widget_type=\"image.default\">\n\t\t\t\t<div class=\"elementor-widget-container\">\n\t\t\t\t\t\t\t\t\t\t\t\t\t\t\t<img loading=\"lazy\" decoding=\"async\" width=\"273\" height=\"273\" src=\"https:\/\/generaldeequipos.com\/wp-content\/uploads\/2022\/09\/intro_conectividad.jpg\" class=\"attachment-full size-full wp-image-1926\" alt=\"\" \/>\t\t\t\t\t\t\t\t\t\t\t\t\t\t\t<\/div>\n\t\t\t\t<\/div>\n\t\t\t\t<div class=\"elementor-element elementor-element-c8d783c elementor-widget elementor-widget-heading\" data-id=\"c8d783c\" data-element_type=\"widget\" data-widget_type=\"heading.default\">\n\t\t\t\t<div class=\"elementor-widget-container\">\n\t\t\t<h4 class=\"elementor-heading-title elementor-size-default\">CONECTIVIDAD<\/h4>\t\t<\/div>\n\t\t\t\t<\/div>\n\t\t\t\t<div class=\"elementor-element elementor-element-eae985c elementor-widget elementor-widget-text-editor\" data-id=\"eae985c\" data-element_type=\"widget\" data-widget_type=\"text-editor.default\">\n\t\t\t\t<div class=\"elementor-widget-container\">\n\t\t\t\t\t\t\t<p><span style=\"color: #000000;\">Si desea monitorear sus motores Cat\u00ae y realizar un seguimiento del rendimiento de su motor, debe usar el Monitoreo Remoto de Generadores Cat\u00ae (Cat RAM).<\/span><\/p>\t\t\t\t\t\t<\/div>\n\t\t\t\t<\/div>\n\t\t\t\t\t<\/div>\n\t\t<\/div>\n\t\t\t\t\t\t\t<\/div>\n\t\t<\/section>\n\t\t\t\t\t<\/div>\n\t\t<\/div>\n\t\t\t\t\t\t\t<\/div>\n\t\t<\/section>\n\t\t\t\t\t\t\t<\/div>","protected":false},"excerpt":{"rendered":"<p>TECNOLOG\u00cdA Conoce nuestras plataformas digitales: PORTAL DE CLIENTES Ingresa con tus datos al portal de clientes donde podr\u00e1s solicitar: \u00a0Servicio o asesor\u00eda Cotizaci\u00f3n de maquinaria Cotizaci\u00f3n de repuestos PARTS.CAT.COM Cotice y realice compras desde su computadora o m\u00f3vil en tiempo real y acceda a 1.4 millones de repuestos con tan solo un click. VISION LINK [&hellip;]<\/p>","protected":false},"author":1,"featured_media":0,"parent":0,"menu_order":0,"comment_status":"closed","ping_status":"closed","template":"elementor_header_footer","meta":{"site-sidebar-layout":"no-sidebar","site-content-layout":"page-builder","ast-site-content-layout":"","site-content-style":"default","site-sidebar-style":"default","ast-global-header-display":"","ast-banner-title-visibility":"","ast-main-header-display":"","ast-hfb-above-header-display":"","ast-hfb-below-header-display":"","ast-hfb-mobile-header-display":"","site-post-title":"disabled","ast-breadcrumbs-content":"","ast-featured-img":"disabled","footer-sml-layout":"","theme-transparent-header-meta":"","adv-header-id-meta":"","stick-header-meta":"","header-above-stick-meta":"","header-main-stick-meta":"","header-below-stick-meta":"","astra-migrate-meta-layouts":"default","ast-page-background-enabled":"default","ast-page-background-meta":{"desktop":{"background-color":"","background-image":"","background-repeat":"repeat","background-position":"center center","background-size":"auto","background-attachment":"scroll","background-type":"","background-media":"","overlay-type":"","overlay-color":"","overlay-gradient":""},"tablet":{"background-color":"","background-image":"","background-repeat":"repeat","background-position":"center center","background-size":"auto","background-attachment":"scroll","background-type":"","background-media":"","overlay-type":"","overlay-color":"","overlay-gradient":""},"mobile":{"background-color":"","background-image":"","background-repeat":"repeat","background-position":"center center","background-size":"auto","background-attachment":"scroll","background-type":"","background-media":"","overlay-type":"","overlay-color":"","overlay-gradient":""}},"ast-content-background-meta":{"desktop":{"background-color":"var(--ast-global-color-5)","background-image":"","background-repeat":"repeat","background-position":"center center","background-size":"auto","background-attachment":"scroll","background-type":"","background-media":"","overlay-type":"","overlay-color":"","overlay-gradient":""},"tablet":{"background-color":"var(--ast-global-color-5)","background-image":"","background-repeat":"repeat","background-position":"center center","background-size":"auto","background-attachment":"scroll","background-type":"","background-media":"","overlay-type":"","overlay-color":"","overlay-gradient":""},"mobile":{"background-color":"var(--ast-global-color-5)","background-image":"","background-repeat":"repeat","background-position":"center center","background-size":"auto","background-attachment":"scroll","background-type":"","background-media":"","overlay-type":"","overlay-color":"","overlay-gradient":""}},"footnotes":""},"class_list":["post-1866","page","type-page","status-publish","hentry"],"yoast_head":"<!-- This site is optimized with the Yoast SEO plugin v21.8 - https:\/\/yoast.com\/wordpress\/plugins\/seo\/ -->\n<title>TECNOLOG\u00cdA - GENERAL DE EQUIPOS | La fuerza que mueve el desarrollo<\/title>\n<meta name=\"robots\" content=\"index, follow, max-snippet:-1, max-image-preview:large, max-video-preview:-1\" \/>\n<link rel=\"canonical\" href=\"https:\/\/generaldeequipos.com\/es\/tecnologia\/\" \/>\n<meta property=\"og:locale\" content=\"es_ES\" \/>\n<meta property=\"og:type\" content=\"article\" \/>\n<meta property=\"og:title\" content=\"TECNOLOG\u00cdA - GENERAL DE EQUIPOS | La fuerza que mueve el desarrollo\" \/>\n<meta property=\"og:description\" content=\"TECNOLOG\u00cdA Conoce nuestras plataformas digitales: PORTAL DE CLIENTES Ingresa con tus datos al portal de clientes donde podr\u00e1s solicitar: \u00a0Servicio o asesor\u00eda Cotizaci\u00f3n de maquinaria Cotizaci\u00f3n de repuestos PARTS.CAT.COM Cotice y realice compras desde su computadora o m\u00f3vil en tiempo real y acceda a 1.4 millones de repuestos con tan solo un click. VISION LINK [&hellip;]\" \/>\n<meta property=\"og:url\" content=\"https:\/\/generaldeequipos.com\/es\/tecnologia\/\" \/>\n<meta property=\"og:site_name\" content=\"GENERAL DE EQUIPOS | La fuerza que mueve el desarrollo\" \/>\n<meta property=\"article:modified_time\" content=\"2025-05-20T20:52:19+00:00\" \/>\n<meta property=\"og:image\" content=\"https:\/\/generaldeequipos.com\/wp-content\/uploads\/2022\/09\/intro_mycat.jpg\" \/>\n<meta name=\"twitter:card\" content=\"summary_large_image\" \/>\n<meta name=\"twitter:label1\" content=\"Est. reading time\" \/>\n\t<meta name=\"twitter:data1\" content=\"2 minutos\" \/>\n<script type=\"application\/ld+json\" class=\"yoast-schema-graph\">{\"@context\":\"https:\/\/schema.org\",\"@graph\":[{\"@type\":\"WebPage\",\"@id\":\"https:\/\/generaldeequipos.com\/tecnologia\/\",\"url\":\"https:\/\/generaldeequipos.com\/tecnologia\/\",\"name\":\"TECNOLOG\u00cdA - GENERAL DE EQUIPOS | La fuerza que mueve el desarrollo\",\"isPartOf\":{\"@id\":\"https:\/\/generaldeequipos.com\/#website\"},\"datePublished\":\"2023-06-19T22:06:29+00:00\",\"dateModified\":\"2025-05-20T20:52:19+00:00\",\"breadcrumb\":{\"@id\":\"https:\/\/generaldeequipos.com\/tecnologia\/#breadcrumb\"},\"inLanguage\":\"es\",\"potentialAction\":[{\"@type\":\"ReadAction\",\"target\":[\"https:\/\/generaldeequipos.com\/tecnologia\/\"]}]},{\"@type\":\"BreadcrumbList\",\"@id\":\"https:\/\/generaldeequipos.com\/tecnologia\/#breadcrumb\",\"itemListElement\":[{\"@type\":\"ListItem\",\"position\":1,\"name\":\"Home\",\"item\":\"https:\/\/generaldeequipos.com\/\"},{\"@type\":\"ListItem\",\"position\":2,\"name\":\"TECNOLOG\u00cdA\"}]},{\"@type\":\"WebSite\",\"@id\":\"https:\/\/generaldeequipos.com\/#website\",\"url\":\"https:\/\/generaldeequipos.com\/\",\"name\":\"GENERAL DE EQUIPOS | La fuerza que mueve el desarrollo\",\"description\":\"Distribuidor autorizado de Caterpillar en El Salvador\",\"publisher\":{\"@id\":\"https:\/\/generaldeequipos.com\/#organization\"},\"potentialAction\":[{\"@type\":\"SearchAction\",\"target\":{\"@type\":\"EntryPoint\",\"urlTemplate\":\"https:\/\/generaldeequipos.com\/?s={search_term_string}\"},\"query-input\":\"required name=search_term_string\"}],\"inLanguage\":\"es\"},{\"@type\":\"Organization\",\"@id\":\"https:\/\/generaldeequipos.com\/#organization\",\"name\":\"GENERAL DE EQUIPOS | La fuerza que mueve el desarrollo\",\"url\":\"https:\/\/generaldeequipos.com\/\",\"logo\":{\"@type\":\"ImageObject\",\"inLanguage\":\"es\",\"@id\":\"https:\/\/generaldeequipos.com\/#\/schema\/logo\/image\/\",\"url\":\"https:\/\/generaldeequipos.com\/wp-content\/uploads\/2022\/06\/logo_gentrac_web_400x100.jpg\",\"contentUrl\":\"https:\/\/generaldeequipos.com\/wp-content\/uploads\/2022\/06\/logo_gentrac_web_400x100.jpg\",\"width\":400,\"height\":100,\"caption\":\"GENERAL DE EQUIPOS  | La fuerza que mueve el desarrollo\"},\"image\":{\"@id\":\"https:\/\/generaldeequipos.com\/#\/schema\/logo\/image\/\"}}]}<\/script>\n<!-- \/ Yoast SEO plugin. -->","yoast_head_json":{"title":"TECNOLOG\u00cdA - GENERAL DE EQUIPOS | La fuerza que mueve el desarrollo","robots":{"index":"index","follow":"follow","max-snippet":"max-snippet:-1","max-image-preview":"max-image-preview:large","max-video-preview":"max-video-preview:-1"},"canonical":"https:\/\/generaldeequipos.com\/es\/tecnologia\/","og_locale":"es_ES","og_type":"article","og_title":"TECNOLOG\u00cdA - GENERAL DE EQUIPOS | La fuerza que mueve el desarrollo","og_description":"TECNOLOG\u00cdA Conoce nuestras plataformas digitales: PORTAL DE CLIENTES Ingresa con tus datos al portal de clientes donde podr\u00e1s solicitar: \u00a0Servicio o asesor\u00eda Cotizaci\u00f3n de maquinaria Cotizaci\u00f3n de repuestos PARTS.CAT.COM Cotice y realice compras desde su computadora o m\u00f3vil en tiempo real y acceda a 1.4 millones de repuestos con tan solo un click. VISION LINK [&hellip;]","og_url":"https:\/\/generaldeequipos.com\/es\/tecnologia\/","og_site_name":"GENERAL DE EQUIPOS | La fuerza que mueve el desarrollo","article_modified_time":"2025-05-20T20:52:19+00:00","og_image":[{"url":"https:\/\/generaldeequipos.com\/wp-content\/uploads\/2022\/09\/intro_mycat.jpg"}],"twitter_card":"summary_large_image","twitter_misc":{"Est. reading time":"2 minutos"},"schema":{"@context":"https:\/\/schema.org","@graph":[{"@type":"WebPage","@id":"https:\/\/generaldeequipos.com\/tecnologia\/","url":"https:\/\/generaldeequipos.com\/tecnologia\/","name":"TECNOLOG\u00cdA - GENERAL DE EQUIPOS | La fuerza que mueve el desarrollo","isPartOf":{"@id":"https:\/\/generaldeequipos.com\/#website"},"datePublished":"2023-06-19T22:06:29+00:00","dateModified":"2025-05-20T20:52:19+00:00","breadcrumb":{"@id":"https:\/\/generaldeequipos.com\/tecnologia\/#breadcrumb"},"inLanguage":"es","potentialAction":[{"@type":"ReadAction","target":["https:\/\/generaldeequipos.com\/tecnologia\/"]}]},{"@type":"BreadcrumbList","@id":"https:\/\/generaldeequipos.com\/tecnologia\/#breadcrumb","itemListElement":[{"@type":"ListItem","position":1,"name":"Home","item":"https:\/\/generaldeequipos.com\/"},{"@type":"ListItem","position":2,"name":"TECNOLOG\u00cdA"}]},{"@type":"WebSite","@id":"https:\/\/generaldeequipos.com\/#website","url":"https:\/\/generaldeequipos.com\/","name":"GENERAL DE EQUIPOS | La fuerza que mueve el desarrollo","description":"Distribuidor autorizado de Caterpillar en El Salvador","publisher":{"@id":"https:\/\/generaldeequipos.com\/#organization"},"potentialAction":[{"@type":"SearchAction","target":{"@type":"EntryPoint","urlTemplate":"https:\/\/generaldeequipos.com\/?s={search_term_string}"},"query-input":"required name=search_term_string"}],"inLanguage":"es"},{"@type":"Organization","@id":"https:\/\/generaldeequipos.com\/#organization","name":"GENERAL DE EQUIPOS | La fuerza que mueve el desarrollo","url":"https:\/\/generaldeequipos.com\/","logo":{"@type":"ImageObject","inLanguage":"es","@id":"https:\/\/generaldeequipos.com\/#\/schema\/logo\/image\/","url":"https:\/\/generaldeequipos.com\/wp-content\/uploads\/2022\/06\/logo_gentrac_web_400x100.jpg","contentUrl":"https:\/\/generaldeequipos.com\/wp-content\/uploads\/2022\/06\/logo_gentrac_web_400x100.jpg","width":400,"height":100,"caption":"GENERAL DE EQUIPOS  | La fuerza que mueve el desarrollo"},"image":{"@id":"https:\/\/generaldeequipos.com\/#\/schema\/logo\/image\/"}}]}},"_links":{"self":[{"href":"https:\/\/generaldeequipos.com\/es\/wp-json\/wp\/v2\/pages\/1866","targetHints":{"allow":["GET"]}}],"collection":[{"href":"https:\/\/generaldeequipos.com\/es\/wp-json\/wp\/v2\/pages"}],"about":[{"href":"https:\/\/generaldeequipos.com\/es\/wp-json\/wp\/v2\/types\/page"}],"author":[{"embeddable":true,"href":"https:\/\/generaldeequipos.com\/es\/wp-json\/wp\/v2\/users\/1"}],"replies":[{"embeddable":true,"href":"https:\/\/generaldeequipos.com\/es\/wp-json\/wp\/v2\/comments?post=1866"}],"version-history":[{"count":138,"href":"https:\/\/generaldeequipos.com\/es\/wp-json\/wp\/v2\/pages\/1866\/revisions"}],"predecessor-version":[{"id":14288,"href":"https:\/\/generaldeequipos.com\/es\/wp-json\/wp\/v2\/pages\/1866\/revisions\/14288"}],"wp:attachment":[{"href":"https:\/\/generaldeequipos.com\/es\/wp-json\/wp\/v2\/media?parent=1866"}],"curies":[{"name":"wp","href":"https:\/\/api.w.org\/{rel}","templated":true}]}}