{"id":8650,"date":"2023-01-11T14:57:54","date_gmt":"2023-01-11T20:57:54","guid":{"rendered":"https:\/\/generaldeequipos.com\/tienda\/sin%20categor\u00eda\/producto\/d3\/"},"modified":"2023-02-23T12:40:37","modified_gmt":"2023-02-23T18:40:37","slug":"d3","status":"publish","type":"product","link":"https:\/\/generaldeequipos.com\/es\/tienda\/equipos-nuevos\/tractor-de-cadenas\/producto\/d3\/","title":{"rendered":"D3"},"content":{"rendered":"","protected":false},"excerpt":{"rendered":"<p>El nuevo Cat\u00ae D3 ofrece un rendimiento excepcional y la m\u00e1s amplia gama de funciones tecnol\u00f3gicas que le ayudar\u00e1n a sacar el m\u00e1ximo partido de su hoja de empuje. Con una excelente agilidad y una gran capacidad de respuesta, cuenta con la potencia necesaria para empujar y la delicadeza que se requiere para la nivelaci\u00f3n. La transmisi\u00f3n completamente hidrost\u00e1tica proporciona una aceleraci\u00f3n perfecta, lo que le permitir\u00e1 realizar el trabajo r\u00e1pidamente. El sistema de detecci\u00f3n de carga optimiza autom\u00e1ticamente la velocidad de desplazamiento en funci\u00f3n de la carga para ofrecer as\u00ed la m\u00e1xima productividad y eficiencia del combustible<\/p>","protected":false},"featured_media":8412,"template":"","meta":{"site-sidebar-layout":"default","site-content-layout":"default","ast-site-content-layout":"","site-content-style":"default","site-sidebar-style":"default","ast-global-header-display":"","ast-banner-title-visibility":"","ast-main-header-display":"","ast-hfb-above-header-display":"","ast-hfb-below-header-display":"","ast-hfb-mobile-header-display":"","site-post-title":"","ast-breadcrumbs-content":"","ast-featured-img":"","footer-sml-layout":"","theme-transparent-header-meta":"default","adv-header-id-meta":"","stick-header-meta":"","header-above-stick-meta":"","header-main-stick-meta":"","header-below-stick-meta":"","astra-migrate-meta-layouts":"default","ast-page-background-enabled":"default","ast-page-background-meta":{"desktop":{"background-color":"","background-image":"","background-repeat":"repeat","background-position":"center center","background-size":"auto","background-attachment":"scroll","background-type":"","background-media":"","overlay-type":"","overlay-color":"","overlay-gradient":""},"tablet":{"background-color":"","background-image":"","background-repeat":"repeat","background-position":"center center","background-size":"auto","background-attachment":"scroll","background-type":"","background-media":"","overlay-type":"","overlay-color":"","overlay-gradient":""},"mobile":{"background-color":"","background-image":"","background-repeat":"repeat","background-position":"center center","background-size":"auto","background-attachment":"scroll","background-type":"","background-media":"","overlay-type":"","overlay-color":"","overlay-gradient":""}},"ast-content-background-meta":{"desktop":{"background-color":"var(--ast-global-color-5)","background-image":"","background-repeat":"repeat","background-position":"center center","background-size":"auto","background-attachment":"scroll","background-type":"","background-media":"","overlay-type":"","overlay-color":"","overlay-gradient":""},"tablet":{"background-color":"var(--ast-global-color-5)","background-image":"","background-repeat":"repeat","background-position":"center center","background-size":"auto","background-attachment":"scroll","background-type":"","background-media":"","overlay-type":"","overlay-color":"","overlay-gradient":""},"mobile":{"background-color":"var(--ast-global-color-5)","background-image":"","background-repeat":"repeat","background-position":"center center","background-size":"auto","background-attachment":"scroll","background-type":"","background-media":"","overlay-type":"","overlay-color":"","overlay-gradient":""}}},"pwb-brand":[],"product_cat":[40],"product_tag":[],"class_list":{"0":"post-8650","1":"product","2":"type-product","3":"status-publish","4":"has-post-thumbnail","6":"product_cat-tractor-de-cadenas","7":"desktop-align-center","8":"tablet-align-left","9":"mobile-align-left","10":"ast-product-gallery-layout-horizontal","11":"ast-magnify-disabled","12":"ast-product-tabs-layout-horizontal","13":"ast-qv-on-image","15":"first","16":"instock","17":"shipping-taxable","18":"product-type-external"},"yoast_head":"<!-- This site is optimized with the Yoast SEO plugin v21.8 - https:\/\/yoast.com\/wordpress\/plugins\/seo\/ -->\n<title>D3 - GENERAL DE EQUIPOS | La fuerza que mueve el desarrollo<\/title>\n<meta name=\"robots\" content=\"index, follow, max-snippet:-1, max-image-preview:large, max-video-preview:-1\" \/>\n<link rel=\"canonical\" href=\"https:\/\/generaldeequipos.com\/es\/tienda\/equipos-nuevos\/tractor-de-cadenas\/producto\/d3\/\" \/>\n<meta property=\"og:locale\" content=\"es_ES\" \/>\n<meta property=\"og:type\" content=\"article\" \/>\n<meta property=\"og:title\" content=\"D3 - GENERAL DE EQUIPOS | La fuerza que mueve el desarrollo\" \/>\n<meta property=\"og:description\" content=\"El nuevo Cat\u00ae D3 ofrece un rendimiento excepcional y la m\u00e1s amplia gama de funciones tecnol\u00f3gicas que le ayudar\u00e1n a sacar el m\u00e1ximo partido de su hoja de empuje. Con una excelente agilidad y una gran capacidad de respuesta, cuenta con la potencia necesaria para empujar y la delicadeza que se requiere para la nivelaci\u00f3n. La transmisi\u00f3n completamente hidrost\u00e1tica proporciona una aceleraci\u00f3n perfecta, lo que le permitir\u00e1 realizar el trabajo r\u00e1pidamente. El sistema de detecci\u00f3n de carga optimiza autom\u00e1ticamente la velocidad de desplazamiento en funci\u00f3n de la carga para ofrecer as\u00ed la m\u00e1xima productividad y eficiencia del combustible\" \/>\n<meta property=\"og:url\" content=\"https:\/\/generaldeequipos.com\/es\/tienda\/equipos-nuevos\/tractor-de-cadenas\/producto\/d3\/\" \/>\n<meta property=\"og:site_name\" content=\"GENERAL DE EQUIPOS | La fuerza que mueve el desarrollo\" \/>\n<meta property=\"article:modified_time\" content=\"2023-02-23T18:40:37+00:00\" \/>\n<meta property=\"og:image\" content=\"https:\/\/generaldeequipos.com\/wp-content\/uploads\/2022\/12\/tractores_D3_a.jpg\" \/>\n\t<meta property=\"og:image:width\" content=\"1024\" \/>\n\t<meta property=\"og:image:height\" content=\"768\" \/>\n\t<meta property=\"og:image:type\" content=\"image\/jpeg\" \/>\n<meta name=\"twitter:card\" content=\"summary_large_image\" \/>\n<script type=\"application\/ld+json\" class=\"yoast-schema-graph\">{\"@context\":\"https:\/\/schema.org\",\"@graph\":[{\"@type\":\"WebPage\",\"@id\":\"https:\/\/generaldeequipos.com\/tienda\/equipos-nuevos\/tractor-de-cadenas\/producto\/d3\/\",\"url\":\"https:\/\/generaldeequipos.com\/tienda\/equipos-nuevos\/tractor-de-cadenas\/producto\/d3\/\",\"name\":\"D3 - GENERAL DE EQUIPOS | La fuerza que mueve el desarrollo\",\"isPartOf\":{\"@id\":\"https:\/\/generaldeequipos.com\/#website\"},\"datePublished\":\"2023-01-11T20:57:54+00:00\",\"dateModified\":\"2023-02-23T18:40:37+00:00\",\"breadcrumb\":{\"@id\":\"https:\/\/generaldeequipos.com\/tienda\/equipos-nuevos\/tractor-de-cadenas\/producto\/d3\/#breadcrumb\"},\"inLanguage\":\"es\",\"potentialAction\":[{\"@type\":\"ReadAction\",\"target\":[\"https:\/\/generaldeequipos.com\/tienda\/equipos-nuevos\/tractor-de-cadenas\/producto\/d3\/\"]}]},{\"@type\":\"BreadcrumbList\",\"@id\":\"https:\/\/generaldeequipos.com\/tienda\/equipos-nuevos\/tractor-de-cadenas\/producto\/d3\/#breadcrumb\",\"itemListElement\":[{\"@type\":\"ListItem\",\"position\":1,\"name\":\"Home\",\"item\":\"https:\/\/generaldeequipos.com\/\"},{\"@type\":\"ListItem\",\"position\":2,\"name\":\"TIENDA\",\"item\":\"https:\/\/generaldeequipos.com\/tienda\/\"},{\"@type\":\"ListItem\",\"position\":3,\"name\":\"D3\"}]},{\"@type\":\"WebSite\",\"@id\":\"https:\/\/generaldeequipos.com\/#website\",\"url\":\"https:\/\/generaldeequipos.com\/\",\"name\":\"GENERAL DE EQUIPOS | La fuerza que mueve el desarrollo\",\"description\":\"Distribuidor autorizado de Caterpillar en El Salvador\",\"publisher\":{\"@id\":\"https:\/\/generaldeequipos.com\/#organization\"},\"potentialAction\":[{\"@type\":\"SearchAction\",\"target\":{\"@type\":\"EntryPoint\",\"urlTemplate\":\"https:\/\/generaldeequipos.com\/?s={search_term_string}\"},\"query-input\":\"required name=search_term_string\"}],\"inLanguage\":\"es\"},{\"@type\":\"Organization\",\"@id\":\"https:\/\/generaldeequipos.com\/#organization\",\"name\":\"GENERAL DE EQUIPOS | La fuerza que mueve el desarrollo\",\"url\":\"https:\/\/generaldeequipos.com\/\",\"logo\":{\"@type\":\"ImageObject\",\"inLanguage\":\"es\",\"@id\":\"https:\/\/generaldeequipos.com\/#\/schema\/logo\/image\/\",\"url\":\"https:\/\/generaldeequipos.com\/wp-content\/uploads\/2022\/06\/logo_gentrac_web_400x100.jpg\",\"contentUrl\":\"https:\/\/generaldeequipos.com\/wp-content\/uploads\/2022\/06\/logo_gentrac_web_400x100.jpg\",\"width\":400,\"height\":100,\"caption\":\"GENERAL DE EQUIPOS  | La fuerza que mueve el desarrollo\"},\"image\":{\"@id\":\"https:\/\/generaldeequipos.com\/#\/schema\/logo\/image\/\"}}]}<\/script>\n<!-- \/ Yoast SEO plugin. -->","yoast_head_json":{"title":"D3 - GENERAL DE EQUIPOS | La fuerza que mueve el desarrollo","robots":{"index":"index","follow":"follow","max-snippet":"max-snippet:-1","max-image-preview":"max-image-preview:large","max-video-preview":"max-video-preview:-1"},"canonical":"https:\/\/generaldeequipos.com\/es\/tienda\/equipos-nuevos\/tractor-de-cadenas\/producto\/d3\/","og_locale":"es_ES","og_type":"article","og_title":"D3 - GENERAL DE EQUIPOS | La fuerza que mueve el desarrollo","og_description":"El nuevo Cat\u00ae D3 ofrece un rendimiento excepcional y la m\u00e1s amplia gama de funciones tecnol\u00f3gicas que le ayudar\u00e1n a sacar el m\u00e1ximo partido de su hoja de empuje. Con una excelente agilidad y una gran capacidad de respuesta, cuenta con la potencia necesaria para empujar y la delicadeza que se requiere para la nivelaci\u00f3n. La transmisi\u00f3n completamente hidrost\u00e1tica proporciona una aceleraci\u00f3n perfecta, lo que le permitir\u00e1 realizar el trabajo r\u00e1pidamente. El sistema de detecci\u00f3n de carga optimiza autom\u00e1ticamente la velocidad de desplazamiento en funci\u00f3n de la carga para ofrecer as\u00ed la m\u00e1xima productividad y eficiencia del combustible","og_url":"https:\/\/generaldeequipos.com\/es\/tienda\/equipos-nuevos\/tractor-de-cadenas\/producto\/d3\/","og_site_name":"GENERAL DE EQUIPOS | La fuerza que mueve el desarrollo","article_modified_time":"2023-02-23T18:40:37+00:00","og_image":[{"width":1024,"height":768,"url":"https:\/\/generaldeequipos.com\/wp-content\/uploads\/2022\/12\/tractores_D3_a.jpg","type":"image\/jpeg"}],"twitter_card":"summary_large_image","schema":{"@context":"https:\/\/schema.org","@graph":[{"@type":"WebPage","@id":"https:\/\/generaldeequipos.com\/tienda\/equipos-nuevos\/tractor-de-cadenas\/producto\/d3\/","url":"https:\/\/generaldeequipos.com\/tienda\/equipos-nuevos\/tractor-de-cadenas\/producto\/d3\/","name":"D3 - GENERAL DE EQUIPOS | La fuerza que mueve el desarrollo","isPartOf":{"@id":"https:\/\/generaldeequipos.com\/#website"},"datePublished":"2023-01-11T20:57:54+00:00","dateModified":"2023-02-23T18:40:37+00:00","breadcrumb":{"@id":"https:\/\/generaldeequipos.com\/tienda\/equipos-nuevos\/tractor-de-cadenas\/producto\/d3\/#breadcrumb"},"inLanguage":"es","potentialAction":[{"@type":"ReadAction","target":["https:\/\/generaldeequipos.com\/tienda\/equipos-nuevos\/tractor-de-cadenas\/producto\/d3\/"]}]},{"@type":"BreadcrumbList","@id":"https:\/\/generaldeequipos.com\/tienda\/equipos-nuevos\/tractor-de-cadenas\/producto\/d3\/#breadcrumb","itemListElement":[{"@type":"ListItem","position":1,"name":"Home","item":"https:\/\/generaldeequipos.com\/"},{"@type":"ListItem","position":2,"name":"TIENDA","item":"https:\/\/generaldeequipos.com\/tienda\/"},{"@type":"ListItem","position":3,"name":"D3"}]},{"@type":"WebSite","@id":"https:\/\/generaldeequipos.com\/#website","url":"https:\/\/generaldeequipos.com\/","name":"GENERAL DE EQUIPOS | La fuerza que mueve el desarrollo","description":"Distribuidor autorizado de Caterpillar en El Salvador","publisher":{"@id":"https:\/\/generaldeequipos.com\/#organization"},"potentialAction":[{"@type":"SearchAction","target":{"@type":"EntryPoint","urlTemplate":"https:\/\/generaldeequipos.com\/?s={search_term_string}"},"query-input":"required name=search_term_string"}],"inLanguage":"es"},{"@type":"Organization","@id":"https:\/\/generaldeequipos.com\/#organization","name":"GENERAL DE EQUIPOS | La fuerza que mueve el desarrollo","url":"https:\/\/generaldeequipos.com\/","logo":{"@type":"ImageObject","inLanguage":"es","@id":"https:\/\/generaldeequipos.com\/#\/schema\/logo\/image\/","url":"https:\/\/generaldeequipos.com\/wp-content\/uploads\/2022\/06\/logo_gentrac_web_400x100.jpg","contentUrl":"https:\/\/generaldeequipos.com\/wp-content\/uploads\/2022\/06\/logo_gentrac_web_400x100.jpg","width":400,"height":100,"caption":"GENERAL DE EQUIPOS  | La fuerza que mueve el desarrollo"},"image":{"@id":"https:\/\/generaldeequipos.com\/#\/schema\/logo\/image\/"}}]}},"brands":[],"_links":{"self":[{"href":"https:\/\/generaldeequipos.com\/es\/wp-json\/wp\/v2\/product\/8650","targetHints":{"allow":["GET"]}}],"collection":[{"href":"https:\/\/generaldeequipos.com\/es\/wp-json\/wp\/v2\/product"}],"about":[{"href":"https:\/\/generaldeequipos.com\/es\/wp-json\/wp\/v2\/types\/product"}],"wp:featuredmedia":[{"embeddable":true,"href":"https:\/\/generaldeequipos.com\/es\/wp-json\/wp\/v2\/media\/8412"}],"wp:attachment":[{"href":"https:\/\/generaldeequipos.com\/es\/wp-json\/wp\/v2\/media?parent=8650"}],"wp:term":[{"taxonomy":"pwb-brand","embeddable":true,"href":"https:\/\/generaldeequipos.com\/es\/wp-json\/wp\/v2\/pwb-brand?post=8650"},{"taxonomy":"product_cat","embeddable":true,"href":"https:\/\/generaldeequipos.com\/es\/wp-json\/wp\/v2\/product_cat?post=8650"},{"taxonomy":"product_tag","embeddable":true,"href":"https:\/\/generaldeequipos.com\/es\/wp-json\/wp\/v2\/product_tag?post=8650"}],"curies":[{"name":"wp","href":"https:\/\/api.w.org\/{rel}","templated":true}]}}